{"id":68,"date":"2014-10-03T14:40:55","date_gmt":"2014-10-03T11:40:55","guid":{"rendered":"http:\/\/www.itukylat.fi\/piirlahti\/?page_id=68"},"modified":"2024-06-24T20:29:56","modified_gmt":"2024-06-24T17:29:56","slug":"ovriga-foreningar","status":"publish","type":"page","link":"https:\/\/www.piirlahti.fi\/sv\/ovriga-foreningar\/","title":{"rendered":"\u00d6vriga f\u00f6reningar"},"content":{"rendered":"<header class=\"entry-header\"><\/header>\n<header><\/header>\n<header class=\"entry-header\">\n<header class=\"entry-header\">\n<h3>\u00a0Andra aktiva f\u00f6reningar i omr\u00e5det:<\/h3>\n<h3 style=\"text-align: center\">Ebbo Ungdomsf\u00f6rening rf<\/h3>\n<h3 class=\"wp-caption-text\" style=\"text-align: center\"><\/h3>\n<h3 class=\"wp-caption-text\" style=\"text-align: center\"><\/h3>\n\n\t\t<style type=\"text\/css\">\n\t\t\t#gallery-1 {\n\t\t\t\tmargin: auto;\n\t\t\t}\n\t\t\t#gallery-1 .gallery-item {\n\t\t\t\tfloat: left;\n\t\t\t\tmargin-top: 10px;\n\t\t\t\ttext-align: center;\n\t\t\t\twidth: 100%;\n\t\t\t}\n\t\t\t#gallery-1 img {\n\t\t\t\tborder: 2px solid #cfcfcf;\n\t\t\t}\n\t\t\t#gallery-1 .gallery-caption {\n\t\t\t\tmargin-left: 0;\n\t\t\t}\n\t\t\t\/* see gallery_shortcode() in wp-includes\/media.php *\/\n\t\t<\/style>\n\t\t<div id='gallery-1' class='gallery galleryid-68 gallery-columns-1 gallery-size-medium'><dl class='gallery-item'>\n\t\t\t<dt class='gallery-icon landscape'>\n\t\t\t\t<a href='https:\/\/www.piirlahti.fi\/sv\/bygdebo-epoo-2\/'><img loading=\"lazy\" decoding=\"async\" width=\"300\" height=\"166\" src=\"https:\/\/www.piirlahti.fi\/wp-content\/uploads\/sites\/19\/2017\/03\/Bygdebo-Epoo-300x166.jpg\" class=\"attachment-medium size-medium\" alt=\"\" aria-describedby=\"gallery-1-1724\" srcset=\"https:\/\/www.piirlahti.fi\/wp-content\/uploads\/sites\/19\/2017\/03\/Bygdebo-Epoo-300x166.jpg 300w, https:\/\/www.piirlahti.fi\/wp-content\/uploads\/sites\/19\/2017\/03\/Bygdebo-Epoo.jpg 360w\" sizes=\"auto, (max-width: 300px) 100vw, 300px\" \/><\/a>\n\t\t\t<\/dt>\n\t\t\t\t<dd class='wp-caption-text gallery-caption' id='gallery-1-1724'>\n\t\t\t\tBygdebo, ungdomsf\u00f6reningslokalen i Ebbo, sedan 1927.\n\t\t\t\t<\/dd><\/dl><br style=\"clear: both\" \/>\n\t\t<\/div>\n\n<p>&nbsp;<\/p>\n<\/header>\n<div class=\"entry-content\">\n<p>Ebbo Ungdomsf\u00f6rening rf jobbar f\u00f6r att uppr\u00e4tth\u00e5lla och \u00f6ka samh\u00f6righeten i bygden, med att arrangera olika slag av verksamhet och evenemang p\u00e5 f\u00f6reningshuset Bygdebo.Bygdebo hyrs ut f\u00f6r olika tillst\u00e4llningar, och \u00e4r speciellt sommartid popul\u00e4rt som festlokal f\u00f6r br\u00f6llop.\u00a0 <a href=\"https:\/\/www.visitporvoo.fi\/sv\/motes-och-evenemangstjanster\/motes-och-festlokaler\/\">https:\/\/www.visitporvoo.fi\/sv\/motes-och-evenemangstjanster\/motes-och-festlokaler\/<\/a><\/p>\n<\/div>\n<h3><a href=\"https:\/\/www.piirlahti.fi\/wp-content\/uploads\/sites\/19\/2023\/12\/Fb-logo.png\" data-featherlight=\"image\"><img loading=\"lazy\" decoding=\"async\" class=\"alignnone wp-image-2411\" src=\"https:\/\/www.piirlahti.fi\/wp-content\/uploads\/sites\/19\/2023\/12\/Fb-logo-288x300.png\" alt=\"\" width=\"47\" height=\"49\" data-id=\"2411\" srcset=\"https:\/\/www.piirlahti.fi\/wp-content\/uploads\/sites\/19\/2023\/12\/Fb-logo-288x300.png 288w, https:\/\/www.piirlahti.fi\/wp-content\/uploads\/sites\/19\/2023\/12\/Fb-logo.png 419w\" sizes=\"auto, (max-width: 47px) 100vw, 47px\" \/><\/a>\u00a0 \u00a0\u00a0<a href=\"https:\/\/www.facebook.com\/groups\/120043708015128\">Ebbo uf. Facebook<\/a><\/h3>\n<\/header>\n<p>&nbsp;<\/p>\n<p>&nbsp;<\/p>\n<h3 style=\"text-align: center\">Ebbo Frivilliga Brandk\u00e5r<\/h3>\n<div class=\"entry-content\">\n<div id=\"gallery-1\" class=\"gallery galleryid-65 gallery-columns-2 gallery-size-medium\">\n\n\t\t<style type=\"text\/css\">\n\t\t\t#gallery-2 {\n\t\t\t\tmargin: auto;\n\t\t\t}\n\t\t\t#gallery-2 .gallery-item {\n\t\t\t\tfloat: left;\n\t\t\t\tmargin-top: 10px;\n\t\t\t\ttext-align: center;\n\t\t\t\twidth: 50%;\n\t\t\t}\n\t\t\t#gallery-2 img {\n\t\t\t\tborder: 2px solid #cfcfcf;\n\t\t\t}\n\t\t\t#gallery-2 .gallery-caption {\n\t\t\t\tmargin-left: 0;\n\t\t\t}\n\t\t\t\/* see gallery_shortcode() in wp-includes\/media.php *\/\n\t\t<\/style>\n\t\t<div id='gallery-2' class='gallery galleryid-68 gallery-columns-2 gallery-size-medium'><dl class='gallery-item'>\n\t\t\t<dt class='gallery-icon landscape'>\n\t\t\t\t<a href='https:\/\/www.piirlahti.fi\/sv\/foton\/brandbilen-2\/'><img loading=\"lazy\" decoding=\"async\" width=\"300\" height=\"200\" src=\"https:\/\/www.piirlahti.fi\/wp-content\/uploads\/sites\/19\/2023\/12\/brandbilen-300x200.jpg\" class=\"attachment-medium size-medium\" alt=\"\" srcset=\"https:\/\/www.piirlahti.fi\/wp-content\/uploads\/sites\/19\/2023\/12\/brandbilen-300x200.jpg 300w, https:\/\/www.piirlahti.fi\/wp-content\/uploads\/sites\/19\/2023\/12\/brandbilen-768x512.jpg 768w, https:\/\/www.piirlahti.fi\/wp-content\/uploads\/sites\/19\/2023\/12\/brandbilen.jpg 900w\" sizes=\"auto, (max-width: 300px) 100vw, 300px\" \/><\/a>\n\t\t\t<\/dt><\/dl><dl class='gallery-item'>\n\t\t\t<dt class='gallery-icon landscape'>\n\t\t\t\t<a href='https:\/\/www.piirlahti.fi\/sv\/foton\/fbk-bil-2\/'><img loading=\"lazy\" decoding=\"async\" width=\"300\" height=\"200\" src=\"https:\/\/www.piirlahti.fi\/wp-content\/uploads\/sites\/19\/2023\/12\/fbk-bil-300x200.jpg\" class=\"attachment-medium size-medium\" alt=\"\" srcset=\"https:\/\/www.piirlahti.fi\/wp-content\/uploads\/sites\/19\/2023\/12\/fbk-bil-300x200.jpg 300w, https:\/\/www.piirlahti.fi\/wp-content\/uploads\/sites\/19\/2023\/12\/fbk-bil-768x512.jpg 768w, https:\/\/www.piirlahti.fi\/wp-content\/uploads\/sites\/19\/2023\/12\/fbk-bil.jpg 900w\" sizes=\"auto, (max-width: 300px) 100vw, 300px\" \/><\/a>\n\t\t\t<\/dt><\/dl><br style=\"clear: both\" \/>\n\t\t<\/div>\n\n<dl class=\"gallery-item\">\n<dt class=\"gallery-icon landscape\"><\/dt>\n<\/dl>\n<\/div>\n<\/div>\n<p>FBK sk\u00f6ter de uppdrag de f\u00e5r av \u00d6stra-Nylands r\u00e4ddningsverk. FBK sl\u00e4cker lokala br\u00e4nder och hj\u00e4lper den ordinarie brandk\u00e5ren vid behov. Brandm\u00e4nnens yrkeskunskap uppr\u00e4tth\u00e5lls regelbundet med skolningar och \u00f6vningar. FBK h\u00e5ller f\u00f6revisningar om brands\u00e4kerhet och brandsl\u00e4ckning f\u00f6r allm\u00e4nheten vid olika evenemang.<\/p>\n<h3><\/h3>\n<p>&nbsp;<\/p>\n<h3 style=\"text-align: center\">Epoon tietoverkko-osuuskunta<\/h3>\n<p style=\"text-align: center\"><strong><a href=\"https:\/\/www.epoontietoverkko.fi\/fi\/\">Epoon tietoverkko-osuuskunta&gt;&gt;&gt;<\/a><\/strong><\/p>\n<p><a href=\"https:\/\/www.piirlahti.fi\/wp-content\/uploads\/sites\/19\/2023\/12\/Epoon-tietoverkko.png\"><img loading=\"lazy\" decoding=\"async\" class=\"aligncenter wp-image-2602 size-full\" src=\"https:\/\/www.piirlahti.fi\/wp-content\/uploads\/sites\/19\/2023\/12\/Epoon-tietoverkko.png\" alt=\"\" width=\"600\" height=\"111\" data-id=\"2602\" srcset=\"https:\/\/www.piirlahti.fi\/wp-content\/uploads\/sites\/19\/2023\/12\/Epoon-tietoverkko.png 600w, https:\/\/www.piirlahti.fi\/wp-content\/uploads\/sites\/19\/2023\/12\/Epoon-tietoverkko-300x56.png 300w\" sizes=\"auto, (max-width: 600px) 100vw, 600px\" \/><\/a><\/p>\n<p>Epoon tietoverkko-osuuskunta \u00e4gs av sina medlemmar. Andelslaget grundades eftersom det inte finns n\u00e5got kommersiellt fiberoptiskt utbud. Optisk fiber m\u00f6jligg\u00f6r moderna, snabba och tillf\u00f6rlitliga bredbandsf\u00f6rbindelser samt tillg\u00e5ng till och konkurrensuts\u00e4ttning av olika internet- och tv-tj\u00e4nster.<\/p>\n<p>&nbsp;<\/p>\n<p>&nbsp;<\/p>\n<h3 style=\"text-align: center\">Ebbo-Pirlax Marthakrets<\/h3>\n\n\t\t<style type=\"text\/css\">\n\t\t\t#gallery-3 {\n\t\t\t\tmargin: auto;\n\t\t\t}\n\t\t\t#gallery-3 .gallery-item {\n\t\t\t\tfloat: left;\n\t\t\t\tmargin-top: 10px;\n\t\t\t\ttext-align: center;\n\t\t\t\twidth: 100%;\n\t\t\t}\n\t\t\t#gallery-3 img {\n\t\t\t\tborder: 2px solid #cfcfcf;\n\t\t\t}\n\t\t\t#gallery-3 .gallery-caption {\n\t\t\t\tmargin-left: 0;\n\t\t\t}\n\t\t\t\/* see gallery_shortcode() in wp-includes\/media.php *\/\n\t\t<\/style>\n\t\t<div id='gallery-3' class='gallery galleryid-68 gallery-columns-1 gallery-size-full'><dl class='gallery-item'>\n\t\t\t<dt class='gallery-icon landscape'>\n\t\t\t\t<a href='https:\/\/www.piirlahti.fi\/sv\/ovriga-foreningar\/ebbo-pirlax-marthakrets-2\/'><img loading=\"lazy\" decoding=\"async\" width=\"1407\" height=\"155\" src=\"https:\/\/www.piirlahti.fi\/wp-content\/uploads\/sites\/19\/2024\/01\/Ebbo-Pirlax-Marthakrets.png\" class=\"attachment-full size-full\" alt=\"\" srcset=\"https:\/\/www.piirlahti.fi\/wp-content\/uploads\/sites\/19\/2024\/01\/Ebbo-Pirlax-Marthakrets.png 1407w, https:\/\/www.piirlahti.fi\/wp-content\/uploads\/sites\/19\/2024\/01\/Ebbo-Pirlax-Marthakrets-300x33.png 300w, https:\/\/www.piirlahti.fi\/wp-content\/uploads\/sites\/19\/2024\/01\/Ebbo-Pirlax-Marthakrets-1024x113.png 1024w, https:\/\/www.piirlahti.fi\/wp-content\/uploads\/sites\/19\/2024\/01\/Ebbo-Pirlax-Marthakrets-768x85.png 768w\" sizes=\"auto, (max-width: 1407px) 100vw, 1407px\" \/><\/a>\n\t\t\t<\/dt><\/dl><br style=\"clear: both\" \/>\n\t\t<\/div>\n\n<p style=\"text-align: center\"><a href=\"https:\/\/ebbo-pirlax.martha.fi\/start\/\"><strong>Ebbo-Pirlax Marthaf\u00f6rening rf.<\/strong><\/a><\/p>\n<h3><\/h3>\n<p>&nbsp;<\/p>\n<h3 style=\"text-align: center\">Jakten<\/h3>\n<p><a href=\"https:\/\/www.piirlahti.fi\/wp-content\/uploads\/sites\/19\/2023\/12\/Algskog.jpg\"><img loading=\"lazy\" decoding=\"async\" class=\"wp-image-2745 aligncenter\" src=\"https:\/\/www.piirlahti.fi\/wp-content\/uploads\/sites\/19\/2023\/12\/Algskog-300x59.jpg\" alt=\"\" width=\"697\" height=\"137\" data-id=\"2745\" srcset=\"https:\/\/www.piirlahti.fi\/wp-content\/uploads\/sites\/19\/2023\/12\/Algskog-300x59.jpg 300w, https:\/\/www.piirlahti.fi\/wp-content\/uploads\/sites\/19\/2023\/12\/Algskog-1024x201.jpg 1024w, https:\/\/www.piirlahti.fi\/wp-content\/uploads\/sites\/19\/2023\/12\/Algskog-768x151.jpg 768w, https:\/\/www.piirlahti.fi\/wp-content\/uploads\/sites\/19\/2023\/12\/Algskog-1536x302.jpg 1536w, https:\/\/www.piirlahti.fi\/wp-content\/uploads\/sites\/19\/2023\/12\/Algskog.jpg 1800w\" sizes=\"auto, (max-width: 697px) 100vw, 697px\" \/><\/a><\/p>\n<p>Jakten i omr\u00e5det sk\u00f6ts av flere\u00a0 olika jaktlag. Jaktmarkerna i \u00c5by h\u00f6r till V\u00e5lax- Fagerstad Jaktlag. Ebbo \u00c4lgjaktlag sk\u00f6ter jakten i Pirlax, Virvik, Norike och Ebbo. Jaktmarkerna fr\u00e5n f.d. kommunalhemmet mot Karhunkorpi h\u00f6r till Ebbo Jaktf\u00f6rening rf.<\/p>\n<p>Jaktlicenserna som f\u00e5s \u00e4r enligt uppskattat behov, som baserar sig p\u00e5 r\u00e4kning av vilt och stora rovdjur. Allt i syfte att uppr\u00e4tth\u00e5lla en optimal stam av viltet. Beklagligt ofta \u00e4r j\u00e4garna tvungna att rycka in och sp\u00e5ra skadade viltdjur till f\u00f6ljd av trafikolyckor.<\/p>\n<p><strong>Kan du agera r\u00e4tt vid en trafikolycka med vilt? <\/strong><\/p>\n<p>1. Varna den \u00f6vriga trafiken.<\/p>\n<p>2. Ta hand om skadade.<\/p>\n<div class=\"\" dir=\"auto\">\n<div class=\"\" dir=\"auto\">\n<div class=\"x1iorvi4 x1pi30zi x1l90r2v x1swvt13\" data-ad-comet-preview=\"message\" data-ad-preview=\"message\">\n<div class=\"x78zum5 xdt5ytf xz62fqu x16ldp7u\">\n<div class=\"xu06os2 x1ok221b\">\n<div class=\"xdj266r x11i5rnm xat24cr x1mh8g0r x1vvkbs x126k92a\">\n<div dir=\"auto\">3. Ring alltid 112 vid kollision med storvilt.<\/div>\n<div dir=\"auto\"><\/div>\n<div dir=\"auto\">4. Uppge noggrant platsen f\u00f6r olyckan. Ladda ner appen 112Suomi redan idag till din telefon.<\/div>\n<div dir=\"auto\"><\/div>\n<div dir=\"auto\">5. M\u00e4rk tydligt ut olycksplatsen med ett band, plastp\u00e5se eller dylikt i en kvist. D\u00e5 har efters\u00f6karna en chans att hitta det skadade djuret.<\/div>\n<div dir=\"auto\"><\/div>\n<\/div>\n<\/div>\n<\/div>\n<\/div>\n<\/div>\n<\/div>\n<h3><\/h3>\n<p>&nbsp;<\/p>\n<p>&nbsp;<\/p>\n","protected":false},"excerpt":{"rendered":"<p>\u00a0Andra aktiva f\u00f6reningar i omr\u00e5det: Ebbo Ungdomsf\u00f6rening rf &nbsp; Ebbo Ungdomsf\u00f6rening rf jobbar f\u00f6r att uppr\u00e4tth\u00e5lla och \u00f6ka samh\u00f6righeten i bygden, med att arrangera olika slag av verksamhet och evenemang p\u00e5 f\u00f6reningshuset Bygdebo.Bygdebo hyrs ut f\u00f6r olika tillst\u00e4llningar, och \u00e4r speciellt sommartid popul\u00e4rt som festlokal f\u00f6r br\u00f6llop.\u00a0 https:\/\/www.visitporvoo.fi\/sv\/motes-och-evenemangstjanster\/motes-och-festlokaler\/ \u00a0 \u00a0\u00a0Ebbo uf. Facebook &nbsp; &nbsp; Ebbo [&hellip;]<\/p>\n","protected":false},"author":15,"featured_media":0,"parent":0,"menu_order":0,"comment_status":"closed","ping_status":"closed","template":"","meta":{"footnotes":""},"class_list":["post-68","page","type-page","status-publish","hentry"],"_links":{"self":[{"href":"https:\/\/www.piirlahti.fi\/sv\/wp-json\/wp\/v2\/pages\/68","targetHints":{"allow":["GET"]}}],"collection":[{"href":"https:\/\/www.piirlahti.fi\/sv\/wp-json\/wp\/v2\/pages"}],"about":[{"href":"https:\/\/www.piirlahti.fi\/sv\/wp-json\/wp\/v2\/types\/page"}],"author":[{"embeddable":true,"href":"https:\/\/www.piirlahti.fi\/sv\/wp-json\/wp\/v2\/users\/15"}],"replies":[{"embeddable":true,"href":"https:\/\/www.piirlahti.fi\/sv\/wp-json\/wp\/v2\/comments?post=68"}],"version-history":[{"count":12,"href":"https:\/\/www.piirlahti.fi\/sv\/wp-json\/wp\/v2\/pages\/68\/revisions"}],"predecessor-version":[{"id":3608,"href":"https:\/\/www.piirlahti.fi\/sv\/wp-json\/wp\/v2\/pages\/68\/revisions\/3608"}],"wp:attachment":[{"href":"https:\/\/www.piirlahti.fi\/sv\/wp-json\/wp\/v2\/media?parent=68"}],"curies":[{"name":"wp","href":"https:\/\/api.w.org\/{rel}","templated":true}]}}