{"id":3426,"date":"2024-01-23T10:48:54","date_gmt":"2024-01-23T08:48:54","guid":{"rendered":"https:\/\/www.piirlahti.fi\/pirlaxviken\/"},"modified":"2026-02-02T11:09:15","modified_gmt":"2026-02-02T09:09:15","slug":"pirlaxviken","status":"publish","type":"page","link":"https:\/\/www.piirlahti.fi\/sv\/pirlaxviken\/","title":{"rendered":"Pirlaxviken"},"content":{"rendered":"<h3>Projekt Pirlaxviken<\/h3>\n<p>I december 2025 fick vi utredningen \u00f6ver Pirlaxviken, gjord av havsbiologen Ella Pippingsk\u00f6ld p\u00e5 Alleco Oy.<\/p>\n<p>F\u00f6r att bekosta utredningen fick vi underst\u00f6d av Uudenmaan Op samt av Europeiska jordbruksfonden f\u00f6r landsbygdsutveckling (via Leader\/Utvecklinfsf\u00f6rening SILMU). Jordbruksfondens st\u00f6d var 3 200 \u20ac. Vi \u00e4r tacksamma f\u00f6r underst\u00f6det och lyckliga \u00f6ver utredningen. https:\/\/maaseutuverkosto.fi\/han\u2026\/pirlaxviken-luontoselvitys\/<\/p>\n<p>Pirlaxviken \u00e4r inte bara en igenv\u00e4xande vassvik, utan en v\u00e4rdefull naturmilj\u00f6 som kallas <strong>flada<\/strong>. L\u00e4s, och l\u00e4r dig mer om Pirlaxviken, och definitionen p\u00e5 vad en flada \u00e4r. Finns tyv\u00e4rr enbart p\u00e5 finska.<\/p>\n<h3><a href=\"https:\/\/www.piirlahti.fi\/wp-content\/uploads\/sites\/19\/2025\/12\/Pirlaxvikenin-esiselvitys.pdf\">Pirlaxvikenin esiselvitys<\/a><\/h3>\n<p><a href=\"https:\/\/www.piirlahti.fi\/wp-content\/uploads\/sites\/19\/2026\/02\/FI-Euroopan-unionin-osarahoittama-2-2.jpg\"><img loading=\"lazy\" decoding=\"async\" class=\"alignnone size-medium wp-image-3958\" src=\"https:\/\/www.piirlahti.fi\/wp-content\/uploads\/sites\/19\/2026\/02\/FI-Euroopan-unionin-osarahoittama-2-2-300x63.jpg\" alt=\"\" width=\"300\" height=\"63\" data-id=\"3958\" srcset=\"https:\/\/www.piirlahti.fi\/wp-content\/uploads\/sites\/19\/2026\/02\/FI-Euroopan-unionin-osarahoittama-2-2-300x63.jpg 300w, https:\/\/www.piirlahti.fi\/wp-content\/uploads\/sites\/19\/2026\/02\/FI-Euroopan-unionin-osarahoittama-2-2.jpg 640w\" sizes=\"auto, (max-width: 300px) 100vw, 300px\" \/><\/a><\/p>\n<p>&nbsp;<\/p>\n<p>Piirlahden Kyl\u00e4yhdistys ry- Pirlax-Byaf\u00f6rening rf har, i samarbete med Piirlahden veneranta, f\u00f6r avsikt att utreda det nuvarande tillst\u00e5ndet i Pirlaxviken och vidta \u00e5tg\u00e4rder f\u00f6r att fr\u00e4mja tillst\u00e5ndet f\u00f6r f\u00e5glar och olika naturtyper i viken.<\/p>\n<p>Byaf\u00f6reningen har f\u00e5tt ett bidrag f\u00f6r detta \u00e4ndam\u00e5l fr\u00e5n Nylands andelsbank och Leader-finansiering via Utvecklingsf\u00f6reningen SILMU. Projektet inleds med en naturinventering av Pirlaxviken. Utredningen genomf\u00f6rs under sommaren och h\u00f6sten 2025 av Alleco Oy, fr\u00e5n Helsingfors. <a href=\"https:\/\/alleco.fi\/\">https:\/\/alleco.fi\/<\/a><\/p>\n<p><a href=\"https:\/\/kartta.paikkatietoikkuna.fi\/\">https:\/\/kartta.paikkatietoikkuna.fi\/<\/a>\u00a0 Copyright: Maanmittauslaitos<\/p>\n\n\t\t<style type=\"text\/css\">\n\t\t\t#gallery-1 {\n\t\t\t\tmargin: auto;\n\t\t\t}\n\t\t\t#gallery-1 .gallery-item {\n\t\t\t\tfloat: left;\n\t\t\t\tmargin-top: 10px;\n\t\t\t\ttext-align: center;\n\t\t\t\twidth: 100%;\n\t\t\t}\n\t\t\t#gallery-1 img {\n\t\t\t\tborder: 2px solid #cfcfcf;\n\t\t\t}\n\t\t\t#gallery-1 .gallery-caption {\n\t\t\t\tmargin-left: 0;\n\t\t\t}\n\t\t\t\/* see gallery_shortcode() in wp-includes\/media.php *\/\n\t\t<\/style>\n\t\t<div id='gallery-1' class='gallery galleryid-3426 gallery-columns-1 gallery-size-full'><dl class='gallery-item'>\n\t\t\t<dt class='gallery-icon landscape'>\n\t\t\t\t<a href='https:\/\/www.piirlahti.fi\/sv\/pirlaxviken\/skarmbild-2024-03-13-102732-2\/'><img loading=\"lazy\" decoding=\"async\" width=\"900\" height=\"521\" src=\"https:\/\/www.piirlahti.fi\/wp-content\/uploads\/sites\/19\/2024\/03\/Skarmbild-2024-03-13-102732.png\" class=\"attachment-full size-full\" alt=\"\" aria-describedby=\"gallery-1-3468\" srcset=\"https:\/\/www.piirlahti.fi\/wp-content\/uploads\/sites\/19\/2024\/03\/Skarmbild-2024-03-13-102732.png 900w, https:\/\/www.piirlahti.fi\/wp-content\/uploads\/sites\/19\/2024\/03\/Skarmbild-2024-03-13-102732-300x174.png 300w, https:\/\/www.piirlahti.fi\/wp-content\/uploads\/sites\/19\/2024\/03\/Skarmbild-2024-03-13-102732-768x445.png 768w\" sizes=\"auto, (max-width: 900px) 100vw, 900px\" \/><\/a>\n\t\t\t<\/dt>\n\t\t\t\t<dd class='wp-caption-text gallery-caption' id='gallery-1-3468'>\n\t\t\t\tPirlaxviken 1950\n\t\t\t\t<\/dd><\/dl><br style=\"clear: both\" \/>\n\t\t<\/div>\n\n<p>&nbsp;<\/p>\n\n\t\t<style type=\"text\/css\">\n\t\t\t#gallery-2 {\n\t\t\t\tmargin: auto;\n\t\t\t}\n\t\t\t#gallery-2 .gallery-item {\n\t\t\t\tfloat: left;\n\t\t\t\tmargin-top: 10px;\n\t\t\t\ttext-align: center;\n\t\t\t\twidth: 50%;\n\t\t\t}\n\t\t\t#gallery-2 img {\n\t\t\t\tborder: 2px solid #cfcfcf;\n\t\t\t}\n\t\t\t#gallery-2 .gallery-caption {\n\t\t\t\tmargin-left: 0;\n\t\t\t}\n\t\t\t\/* see gallery_shortcode() in wp-includes\/media.php *\/\n\t\t<\/style>\n\t\t<div id='gallery-2' class='gallery galleryid-3426 gallery-columns-2 gallery-size-full'><dl class='gallery-item'>\n\t\t\t<dt class='gallery-icon landscape'>\n\t\t\t\t<a href='https:\/\/www.piirlahti.fi\/sv\/pirlaxviken\/pirlaxviken-karta-2\/'><img loading=\"lazy\" decoding=\"async\" width=\"300\" height=\"185\" src=\"https:\/\/www.piirlahti.fi\/wp-content\/uploads\/sites\/19\/2024\/01\/Pirlaxviken-karta.png\" class=\"attachment-full size-full\" alt=\"\" aria-describedby=\"gallery-2-3435\" \/><\/a>\n\t\t\t<\/dt>\n\t\t\t\t<dd class='wp-caption-text gallery-caption' id='gallery-2-3435'>\n\t\t\t\tPirlaxviken Copyright:Maanmittauslaitos\n\t\t\t\t<\/dd><\/dl><dl class='gallery-item'>\n\t\t\t<dt class='gallery-icon landscape'>\n\t\t\t\t<a href='https:\/\/www.piirlahti.fi\/sv\/pirlaxviken\/pirlaxviken-2-2\/'><img loading=\"lazy\" decoding=\"async\" width=\"300\" height=\"194\" src=\"https:\/\/www.piirlahti.fi\/wp-content\/uploads\/sites\/19\/2024\/01\/Pirlaxviken.png\" class=\"attachment-full size-full\" alt=\"\" aria-describedby=\"gallery-2-3437\" \/><\/a>\n\t\t\t<\/dt>\n\t\t\t\t<dd class='wp-caption-text gallery-caption' id='gallery-2-3437'>\n\t\t\t\tPirlaxviken Copyright:Maanmittauslaitos\n\t\t\t\t<\/dd><\/dl><br style=\"clear: both\" \/>\n\t\t<\/div>\n\n<h3>Sommaren 2025<\/h3>\n<p><strong>I b\u00f6rjan av juli <\/strong>bes\u00f6kte Kaislapojat fr\u00e5n Tavastehus byn igen, som i m\u00e5nga \u00e5r. I \u00e5r klipptes \u00e4ven en r\u00e4nna i Pirlaxviken, fr\u00e4mst f\u00f6r att f\u00f6rb\u00e4ttra vattnets r\u00f6rlighet i viken, med f\u00f6rhoppning om att viken inte v\u00e4xer igen, och f\u00f6r att uppr\u00e4tth\u00e5lla en passage till den bakre viken.<\/p>\n\n\t\t<style type=\"text\/css\">\n\t\t\t#gallery-3 {\n\t\t\t\tmargin: auto;\n\t\t\t}\n\t\t\t#gallery-3 .gallery-item {\n\t\t\t\tfloat: left;\n\t\t\t\tmargin-top: 10px;\n\t\t\t\ttext-align: center;\n\t\t\t\twidth: 100%;\n\t\t\t}\n\t\t\t#gallery-3 img {\n\t\t\t\tborder: 2px solid #cfcfcf;\n\t\t\t}\n\t\t\t#gallery-3 .gallery-caption {\n\t\t\t\tmargin-left: 0;\n\t\t\t}\n\t\t\t\/* see gallery_shortcode() in wp-includes\/media.php *\/\n\t\t<\/style>\n\t\t<div id='gallery-3' class='gallery galleryid-3426 gallery-columns-1 gallery-size-medium'><dl class='gallery-item'>\n\t\t\t<dt class='gallery-icon landscape'>\n\t\t\t\t<a href='https:\/\/www.piirlahti.fi\/sv\/pirlaxviken\/dsc_0332-jpg-small-2\/'><img loading=\"lazy\" decoding=\"async\" width=\"300\" height=\"200\" src=\"https:\/\/www.piirlahti.fi\/wp-content\/uploads\/sites\/19\/2025\/09\/DSC_0332.jpg-Small-300x200.jpg\" class=\"attachment-medium size-medium\" alt=\"Kaislapojat\" srcset=\"https:\/\/www.piirlahti.fi\/wp-content\/uploads\/sites\/19\/2025\/09\/DSC_0332.jpg-Small-300x200.jpg 300w, https:\/\/www.piirlahti.fi\/wp-content\/uploads\/sites\/19\/2025\/09\/DSC_0332.jpg-Small-768x512.jpg 768w, https:\/\/www.piirlahti.fi\/wp-content\/uploads\/sites\/19\/2025\/09\/DSC_0332.jpg-Small.jpg 800w\" sizes=\"auto, (max-width: 300px) 100vw, 300px\" \/><\/a>\n\t\t\t<\/dt><\/dl><br style=\"clear: both\" \/>\n\t\t<\/div>\n\n<p>&nbsp;<\/p>\n<p>&nbsp;<\/p>\n<p><strong>I b\u00f6rjan av september <\/strong>tillbringade marinbiologen Ella Pippingsk\u00f6ld, fr\u00e5n Alleco Oy, en dag i Pirlax. P\u00e5 f\u00f6rmiddagen tr\u00e4ffades vi runt kaffebordet, n\u00e5gra bybor och Ella, och delade information och tankar om Pirlaxviken. N\u00e4r det var dags f\u00f6r unders\u00f6kningar p\u00e5 ort och st\u00e4lle, st\u00e4llde byns Raimo upp som roddare. Ella hade redan satt sig in i all skriftlig information, s\u00e5som tidigare natur- och f\u00e5gelinventeringar, om det aktuella omr\u00e5det. Nu v\u00e4ntar vi p\u00e5 Ellas slutrapport om tillst\u00e5ndet i viken, och id\u00e9er till m\u00f6jliga \u00e5tg\u00e4rder f\u00f6r att f\u00f6rb\u00e4ttra situationen i v\u00e5r Pirlaxvik.<\/p>\n\n\t\t<style type=\"text\/css\">\n\t\t\t#gallery-4 {\n\t\t\t\tmargin: auto;\n\t\t\t}\n\t\t\t#gallery-4 .gallery-item {\n\t\t\t\tfloat: left;\n\t\t\t\tmargin-top: 10px;\n\t\t\t\ttext-align: center;\n\t\t\t\twidth: 50%;\n\t\t\t}\n\t\t\t#gallery-4 img {\n\t\t\t\tborder: 2px solid #cfcfcf;\n\t\t\t}\n\t\t\t#gallery-4 .gallery-caption {\n\t\t\t\tmargin-left: 0;\n\t\t\t}\n\t\t\t\/* see gallery_shortcode() in wp-includes\/media.php *\/\n\t\t<\/style>\n\t\t<div id='gallery-4' class='gallery galleryid-3426 gallery-columns-2 gallery-size-medium'><dl class='gallery-item'>\n\t\t\t<dt class='gallery-icon landscape'>\n\t\t\t\t<a href='https:\/\/www.piirlahti.fi\/sv\/pirlaxviken\/dsc_0056-jpg-small-2\/'><img loading=\"lazy\" decoding=\"async\" width=\"300\" height=\"200\" src=\"https:\/\/www.piirlahti.fi\/wp-content\/uploads\/sites\/19\/2025\/09\/DSC_0056.JPG-Small-300x200.jpg\" class=\"attachment-medium size-medium\" alt=\"Ella ja Raimo 1\" srcset=\"https:\/\/www.piirlahti.fi\/wp-content\/uploads\/sites\/19\/2025\/09\/DSC_0056.JPG-Small-300x200.jpg 300w, https:\/\/www.piirlahti.fi\/wp-content\/uploads\/sites\/19\/2025\/09\/DSC_0056.JPG-Small-768x512.jpg 768w, https:\/\/www.piirlahti.fi\/wp-content\/uploads\/sites\/19\/2025\/09\/DSC_0056.JPG-Small.jpg 800w\" sizes=\"auto, (max-width: 300px) 100vw, 300px\" \/><\/a>\n\t\t\t<\/dt><\/dl><dl class='gallery-item'>\n\t\t\t<dt class='gallery-icon landscape'>\n\t\t\t\t<a href='https:\/\/www.piirlahti.fi\/sv\/pirlaxviken\/dsc_0058-jpg-small-2\/'><img loading=\"lazy\" decoding=\"async\" width=\"300\" height=\"200\" src=\"https:\/\/www.piirlahti.fi\/wp-content\/uploads\/sites\/19\/2025\/09\/DSC_0058.JPG-Small-300x200.jpg\" class=\"attachment-medium size-medium\" alt=\"Pirlaxvikenin v\u00e4yl\u00e4.\" srcset=\"https:\/\/www.piirlahti.fi\/wp-content\/uploads\/sites\/19\/2025\/09\/DSC_0058.JPG-Small-300x200.jpg 300w, https:\/\/www.piirlahti.fi\/wp-content\/uploads\/sites\/19\/2025\/09\/DSC_0058.JPG-Small-768x512.jpg 768w, https:\/\/www.piirlahti.fi\/wp-content\/uploads\/sites\/19\/2025\/09\/DSC_0058.JPG-Small.jpg 800w\" sizes=\"auto, (max-width: 300px) 100vw, 300px\" \/><\/a>\n\t\t\t<\/dt><\/dl><br style=\"clear: both\" \/><dl class='gallery-item'>\n\t\t\t<dt class='gallery-icon landscape'>\n\t\t\t\t<a href='https:\/\/www.piirlahti.fi\/sv\/pirlaxviken\/dsc_0088-jpg-small-2\/'><img loading=\"lazy\" decoding=\"async\" width=\"300\" height=\"200\" src=\"https:\/\/www.piirlahti.fi\/wp-content\/uploads\/sites\/19\/2025\/09\/DSC_0088.JPG-Small-300x200.jpg\" class=\"attachment-medium size-medium\" alt=\"Ella ja Raimo 2\" srcset=\"https:\/\/www.piirlahti.fi\/wp-content\/uploads\/sites\/19\/2025\/09\/DSC_0088.JPG-Small-300x200.jpg 300w, https:\/\/www.piirlahti.fi\/wp-content\/uploads\/sites\/19\/2025\/09\/DSC_0088.JPG-Small-768x512.jpg 768w, https:\/\/www.piirlahti.fi\/wp-content\/uploads\/sites\/19\/2025\/09\/DSC_0088.JPG-Small.jpg 800w\" sizes=\"auto, (max-width: 300px) 100vw, 300px\" \/><\/a>\n\t\t\t<\/dt><\/dl><dl class='gallery-item'>\n\t\t\t<dt class='gallery-icon landscape'>\n\t\t\t\t<a href='https:\/\/www.piirlahti.fi\/sv\/pirlaxviken\/dsc_0053-jpg-small-2\/'><img loading=\"lazy\" decoding=\"async\" width=\"300\" height=\"195\" src=\"https:\/\/www.piirlahti.fi\/wp-content\/uploads\/sites\/19\/2025\/09\/DSC_0053.JPG-Small-300x195.jpg\" class=\"attachment-medium size-medium\" alt=\"Meribiologi k\u00e4ytt\u00e4\u00e4 vesikiikaria.\" srcset=\"https:\/\/www.piirlahti.fi\/wp-content\/uploads\/sites\/19\/2025\/09\/DSC_0053.JPG-Small-300x195.jpg 300w, https:\/\/www.piirlahti.fi\/wp-content\/uploads\/sites\/19\/2025\/09\/DSC_0053.JPG-Small-768x500.jpg 768w, https:\/\/www.piirlahti.fi\/wp-content\/uploads\/sites\/19\/2025\/09\/DSC_0053.JPG-Small.jpg 800w\" sizes=\"auto, (max-width: 300px) 100vw, 300px\" \/><\/a>\n\t\t\t<\/dt><\/dl><br style=\"clear: both\" \/><dl class='gallery-item'>\n\t\t\t<dt class='gallery-icon landscape'>\n\t\t\t\t<a href='https:\/\/www.piirlahti.fi\/sv\/pirlaxviken\/dsc_0048-jpg-small\/'><img loading=\"lazy\" decoding=\"async\" width=\"300\" height=\"200\" src=\"https:\/\/www.piirlahti.fi\/wp-content\/uploads\/sites\/19\/2025\/09\/DSC_0048.JPG-Small-1-300x200.jpg\" class=\"attachment-medium size-medium\" alt=\"\" srcset=\"https:\/\/www.piirlahti.fi\/wp-content\/uploads\/sites\/19\/2025\/09\/DSC_0048.JPG-Small-1-300x200.jpg 300w, https:\/\/www.piirlahti.fi\/wp-content\/uploads\/sites\/19\/2025\/09\/DSC_0048.JPG-Small-1-768x512.jpg 768w, https:\/\/www.piirlahti.fi\/wp-content\/uploads\/sites\/19\/2025\/09\/DSC_0048.JPG-Small-1.jpg 800w\" sizes=\"auto, (max-width: 300px) 100vw, 300px\" \/><\/a>\n\t\t\t<\/dt><\/dl><dl class='gallery-item'>\n\t\t\t<dt class='gallery-icon landscape'>\n\t\t\t\t<a href='https:\/\/www.piirlahti.fi\/sv\/pirlaxviken\/dsc_0077-kopia-jpg-small\/'><img loading=\"lazy\" decoding=\"async\" width=\"300\" height=\"200\" src=\"https:\/\/www.piirlahti.fi\/wp-content\/uploads\/sites\/19\/2025\/09\/DSC_0077-kopia.JPG-Small-300x200.jpg\" class=\"attachment-medium size-medium\" alt=\"\" srcset=\"https:\/\/www.piirlahti.fi\/wp-content\/uploads\/sites\/19\/2025\/09\/DSC_0077-kopia.JPG-Small-300x200.jpg 300w, https:\/\/www.piirlahti.fi\/wp-content\/uploads\/sites\/19\/2025\/09\/DSC_0077-kopia.JPG-Small-768x512.jpg 768w, https:\/\/www.piirlahti.fi\/wp-content\/uploads\/sites\/19\/2025\/09\/DSC_0077-kopia.JPG-Small.jpg 800w\" sizes=\"auto, (max-width: 300px) 100vw, 300px\" \/><\/a>\n\t\t\t<\/dt><\/dl><br style=\"clear: both\" \/>\n\t\t<\/div>\n\n<p>&nbsp;<\/p>\n<p><strong>I september <\/strong>h\u00e4mtade Bosg\u00e5rd en sl\u00e5ttermaskin till byn, som anv\u00e4ndes f\u00f6r att klippa den bakersta \u00e4nden av Pirlaxviken. Det vill s\u00e4ga det omr\u00e5de som \u00e4r nedanf\u00f6r Pirlax g\u00e5rd, och \u00e4r kornas rike. Landskapet f\u00f6r\u00e4ndrades n\u00e5got, och nu ser man hur igenvuxet omr\u00e5det \u00e4r. Det ska bli intressant att se om korna kommer att trivas b\u00e4ttre i omr\u00e5det n\u00e4sta sommar, och om de kommer att tycka b\u00e4ttre om vassen d\u00e5.<\/p>\n\n\t\t<style type=\"text\/css\">\n\t\t\t#gallery-5 {\n\t\t\t\tmargin: auto;\n\t\t\t}\n\t\t\t#gallery-5 .gallery-item {\n\t\t\t\tfloat: left;\n\t\t\t\tmargin-top: 10px;\n\t\t\t\ttext-align: center;\n\t\t\t\twidth: 50%;\n\t\t\t}\n\t\t\t#gallery-5 img {\n\t\t\t\tborder: 2px solid #cfcfcf;\n\t\t\t}\n\t\t\t#gallery-5 .gallery-caption {\n\t\t\t\tmargin-left: 0;\n\t\t\t}\n\t\t\t\/* see gallery_shortcode() in wp-includes\/media.php *\/\n\t\t<\/style>\n\t\t<div id='gallery-5' class='gallery galleryid-3426 gallery-columns-2 gallery-size-medium'><dl class='gallery-item'>\n\t\t\t<dt class='gallery-icon landscape'>\n\t\t\t\t<a href='https:\/\/www.piirlahti.fi\/sv\/pirlaxviken\/6d6698ed-867a-4a2a-b7cf-7cdc68d37e68-jpg-small-2\/'><img loading=\"lazy\" decoding=\"async\" width=\"300\" height=\"225\" src=\"https:\/\/www.piirlahti.fi\/wp-content\/uploads\/sites\/19\/2025\/09\/6d6698ed-867a-4a2a-b7cf-7cdc68d37e68.jpg-Small-300x225.jpg\" class=\"attachment-medium size-medium\" alt=\"Niittokone\" srcset=\"https:\/\/www.piirlahti.fi\/wp-content\/uploads\/sites\/19\/2025\/09\/6d6698ed-867a-4a2a-b7cf-7cdc68d37e68.jpg-Small-300x225.jpg 300w, https:\/\/www.piirlahti.fi\/wp-content\/uploads\/sites\/19\/2025\/09\/6d6698ed-867a-4a2a-b7cf-7cdc68d37e68.jpg-Small-768x576.jpg 768w, https:\/\/www.piirlahti.fi\/wp-content\/uploads\/sites\/19\/2025\/09\/6d6698ed-867a-4a2a-b7cf-7cdc68d37e68.jpg-Small.jpg 800w\" sizes=\"auto, (max-width: 300px) 100vw, 300px\" \/><\/a>\n\t\t\t<\/dt><\/dl><dl class='gallery-item'>\n\t\t\t<dt class='gallery-icon landscape'>\n\t\t\t\t<a href='https:\/\/www.piirlahti.fi\/sv\/pirlaxviken\/p-viken-small-dsc_0093-2\/'><img loading=\"lazy\" decoding=\"async\" width=\"300\" height=\"200\" src=\"https:\/\/www.piirlahti.fi\/wp-content\/uploads\/sites\/19\/2025\/09\/P.viken-Small-DSC_0093-300x200.jpg\" class=\"attachment-medium size-medium\" alt=\"Niitetty ruovikko\" srcset=\"https:\/\/www.piirlahti.fi\/wp-content\/uploads\/sites\/19\/2025\/09\/P.viken-Small-DSC_0093-300x200.jpg 300w, https:\/\/www.piirlahti.fi\/wp-content\/uploads\/sites\/19\/2025\/09\/P.viken-Small-DSC_0093-768x512.jpg 768w, https:\/\/www.piirlahti.fi\/wp-content\/uploads\/sites\/19\/2025\/09\/P.viken-Small-DSC_0093.jpg 800w\" sizes=\"auto, (max-width: 300px) 100vw, 300px\" \/><\/a>\n\t\t\t<\/dt><\/dl><br style=\"clear: both\" \/>\n\t\t<\/div>\n\n<p>&nbsp;<\/p>\n<p><strong>I slutet av sommaren<\/strong> d\u00f6k \u00e4gretth\u00e4grar upp i viken, s\u00e5som redan flere \u00e5r i rad, ett 10-tal kritvita stora f\u00e5glar syntes dagligen. N\u00e5gra veckor efter att vassen i kohagen hade klippts, kom en ny flock \u00e4gretth\u00e4grar till omr\u00e5det. Sammanlagt n\u00e4rmare 40 \u00e4gretth\u00e4grar s\u00e5gs under n\u00e5gra dagar i det nyklippta omr\u00e5det, dock inte i stunden d\u00e5 kameran var med. Den stora flocken reste snart vidare, medan v\u00e5ra &#8221;egna&#8221; stannade kvar.<\/p>\n\n\t\t<style type=\"text\/css\">\n\t\t\t#gallery-6 {\n\t\t\t\tmargin: auto;\n\t\t\t}\n\t\t\t#gallery-6 .gallery-item {\n\t\t\t\tfloat: left;\n\t\t\t\tmargin-top: 10px;\n\t\t\t\ttext-align: center;\n\t\t\t\twidth: 100%;\n\t\t\t}\n\t\t\t#gallery-6 img {\n\t\t\t\tborder: 2px solid #cfcfcf;\n\t\t\t}\n\t\t\t#gallery-6 .gallery-caption {\n\t\t\t\tmargin-left: 0;\n\t\t\t}\n\t\t\t\/* see gallery_shortcode() in wp-includes\/media.php *\/\n\t\t<\/style>\n\t\t<div id='gallery-6' class='gallery galleryid-3426 gallery-columns-1 gallery-size-large'><dl class='gallery-item'>\n\t\t\t<dt class='gallery-icon landscape'>\n\t\t\t\t<a href='https:\/\/www.piirlahti.fi\/sv\/pirlaxviken\/dsc_0098-jpg-small-2\/'><img loading=\"lazy\" decoding=\"async\" width=\"800\" height=\"391\" src=\"https:\/\/www.piirlahti.fi\/wp-content\/uploads\/sites\/19\/2025\/09\/DSC_0098.JPG-Small.jpg\" class=\"attachment-large size-large\" alt=\"Jalohaikarat niitetyll\u00e4 alueella.\" srcset=\"https:\/\/www.piirlahti.fi\/wp-content\/uploads\/sites\/19\/2025\/09\/DSC_0098.JPG-Small.jpg 800w, https:\/\/www.piirlahti.fi\/wp-content\/uploads\/sites\/19\/2025\/09\/DSC_0098.JPG-Small-300x147.jpg 300w, https:\/\/www.piirlahti.fi\/wp-content\/uploads\/sites\/19\/2025\/09\/DSC_0098.JPG-Small-768x375.jpg 768w\" sizes=\"auto, (max-width: 800px) 100vw, 800px\" \/><\/a>\n\t\t\t<\/dt><\/dl><br style=\"clear: both\" \/>\n\t\t<\/div>\n\n<p>&nbsp;<\/p>\n<p>&nbsp;<\/p>\n<p>&nbsp;<\/p>\n<p>&nbsp;<\/p>\n<p>&nbsp;<\/p>\n","protected":false},"excerpt":{"rendered":"<p>Projekt Pirlaxviken I december 2025 fick vi utredningen \u00f6ver Pirlaxviken, gjord av havsbiologen Ella Pippingsk\u00f6ld p\u00e5 Alleco Oy. F\u00f6r att bekosta utredningen fick vi underst\u00f6d av Uudenmaan Op samt av Europeiska jordbruksfonden f\u00f6r landsbygdsutveckling (via Leader\/Utvecklinfsf\u00f6rening SILMU). Jordbruksfondens st\u00f6d var 3 200 \u20ac. Vi \u00e4r tacksamma f\u00f6r underst\u00f6det och lyckliga \u00f6ver utredningen. https:\/\/maaseutuverkosto.fi\/han\u2026\/pirlaxviken-luontoselvitys\/ Pirlaxviken \u00e4r [&hellip;]<\/p>\n","protected":false},"author":48,"featured_media":0,"parent":0,"menu_order":0,"comment_status":"closed","ping_status":"closed","template":"","meta":{"footnotes":""},"class_list":["post-3426","page","type-page","status-publish","hentry"],"_links":{"self":[{"href":"https:\/\/www.piirlahti.fi\/sv\/wp-json\/wp\/v2\/pages\/3426","targetHints":{"allow":["GET"]}}],"collection":[{"href":"https:\/\/www.piirlahti.fi\/sv\/wp-json\/wp\/v2\/pages"}],"about":[{"href":"https:\/\/www.piirlahti.fi\/sv\/wp-json\/wp\/v2\/types\/page"}],"author":[{"embeddable":true,"href":"https:\/\/www.piirlahti.fi\/sv\/wp-json\/wp\/v2\/users\/48"}],"replies":[{"embeddable":true,"href":"https:\/\/www.piirlahti.fi\/sv\/wp-json\/wp\/v2\/comments?post=3426"}],"version-history":[{"count":10,"href":"https:\/\/www.piirlahti.fi\/sv\/wp-json\/wp\/v2\/pages\/3426\/revisions"}],"predecessor-version":[{"id":3966,"href":"https:\/\/www.piirlahti.fi\/sv\/wp-json\/wp\/v2\/pages\/3426\/revisions\/3966"}],"wp:attachment":[{"href":"https:\/\/www.piirlahti.fi\/sv\/wp-json\/wp\/v2\/media?parent=3426"}],"curies":[{"name":"wp","href":"https:\/\/api.w.org\/{rel}","templated":true}]}}