{"id":2714,"date":"2023-12-14T12:23:49","date_gmt":"2023-12-14T10:23:49","guid":{"rendered":"https:\/\/www.piirlahti.fi\/?page_id=2714"},"modified":"2025-10-19T11:12:32","modified_gmt":"2025-10-19T08:12:32","slug":"pirlaxboken","status":"publish","type":"page","link":"https:\/\/www.piirlahti.fi\/sv\/pirlaxboken\/","title":{"rendered":"Pirlaxboken"},"content":{"rendered":"\n\t\t<style type=\"text\/css\">\n\t\t\t#gallery-1 {\n\t\t\t\tmargin: auto;\n\t\t\t}\n\t\t\t#gallery-1 .gallery-item {\n\t\t\t\tfloat: left;\n\t\t\t\tmargin-top: 10px;\n\t\t\t\ttext-align: center;\n\t\t\t\twidth: 50%;\n\t\t\t}\n\t\t\t#gallery-1 img {\n\t\t\t\tborder: 2px solid #cfcfcf;\n\t\t\t}\n\t\t\t#gallery-1 .gallery-caption {\n\t\t\t\tmargin-left: 0;\n\t\t\t}\n\t\t\t\/* see gallery_shortcode() in wp-includes\/media.php *\/\n\t\t<\/style>\n\t\t<div id='gallery-1' class='gallery galleryid-2714 gallery-columns-2 gallery-size-medium'><dl class='gallery-item'>\n\t\t\t<dt class='gallery-icon portrait'>\n\t\t\t\t<a href='https:\/\/www.piirlahti.fi\/sv\/pirlaxboken\/pirlaxbokenparm-2\/'><img loading=\"lazy\" decoding=\"async\" width=\"300\" height=\"300\" src=\"https:\/\/www.piirlahti.fi\/wp-content\/uploads\/sites\/19\/2023\/12\/PirlaxbokenParm-300x300.jpg\" class=\"attachment-medium size-medium\" alt=\"\" srcset=\"https:\/\/www.piirlahti.fi\/wp-content\/uploads\/sites\/19\/2023\/12\/PirlaxbokenParm-300x300.jpg 300w, https:\/\/www.piirlahti.fi\/wp-content\/uploads\/sites\/19\/2023\/12\/PirlaxbokenParm-150x150.jpg 150w, https:\/\/www.piirlahti.fi\/wp-content\/uploads\/sites\/19\/2023\/12\/PirlaxbokenParm-768x769.jpg 768w, https:\/\/www.piirlahti.fi\/wp-content\/uploads\/sites\/19\/2023\/12\/PirlaxbokenParm.jpg 900w\" sizes=\"auto, (max-width: 300px) 100vw, 300px\" \/><\/a>\n\t\t\t<\/dt><\/dl><dl class='gallery-item'>\n\t\t\t<dt class='gallery-icon portrait'>\n\t\t\t\t<a href='https:\/\/www.piirlahti.fi\/sv\/pirlaxboken\/pirlaxboken-bak-2\/'><img loading=\"lazy\" decoding=\"async\" width=\"277\" height=\"300\" src=\"https:\/\/www.piirlahti.fi\/wp-content\/uploads\/sites\/19\/2023\/12\/Pirlaxboken-Bak-277x300.jpg\" class=\"attachment-medium size-medium\" alt=\"\" srcset=\"https:\/\/www.piirlahti.fi\/wp-content\/uploads\/sites\/19\/2023\/12\/Pirlaxboken-Bak-277x300.jpg 277w, https:\/\/www.piirlahti.fi\/wp-content\/uploads\/sites\/19\/2023\/12\/Pirlaxboken-Bak-768x830.jpg 768w, https:\/\/www.piirlahti.fi\/wp-content\/uploads\/sites\/19\/2023\/12\/Pirlaxboken-Bak.jpg 900w\" sizes=\"auto, (max-width: 277px) 100vw, 277px\" \/><\/a>\n\t\t\t<\/dt><\/dl><br style=\"clear: both\" \/>\n\t\t<\/div>\n\n<p>Pirlaxboken \u00e4r tv\u00e5spr\u00e5kig, delvis p\u00e5 b\u00e5da spr\u00e5ken, delvis p\u00e5 n\u00e5gondera spr\u00e5k. Boken finns i m\u00e5nga bybors bokhyllor och p\u00e5 biblioteket.<\/p>\n<p>\u00c5r 2007 tyckte byaf\u00f6reningens styrelse att det skulle vara intressant att f\u00f6rdjupa sig i byns historia. De tre huvudf\u00f6rfattarna studerade historieb\u00f6cker, kyrkb\u00f6cker, tolkade gamla dagb\u00f6cker och satt i lokaltidningarnas arkiv. N\u00e5gra andra f\u00f6rfattare d\u00f6k ocks\u00e5 upp under arbetets g\u00e5ng, eftersom skrivandet av Pirlaxboken b\u00e5de intresserade och inspirerade m\u00e5nga. Pirlaxboken blev klar v\u00e5ren 2011.<\/p>\n<p><strong>N\u00e5gra av artiklarna i boken:<\/strong><\/p>\n<p>Om Pirlax historia och tidiga \u00e4garf\u00f6rh\u00e5llanden.<\/p>\n<p>Nykoppin murha Piirlahdessa- tragedia sadan vuoden takaa<\/p>\n<p>Sl\u00e4kten Askolin och Pirlax<\/p>\n<p>Fr\u00e5n torp till hemman- utdrag ur Axel Lindroos (1893-1969) dagb\u00f6cker 1922-69<\/p>\n<p>Ebbo mejeri<\/p>\n<p>P\u00e4r Stenb\u00e4ck ber\u00e4ttar om sin ungdom i Pirlax- utdrag ur boken &#8221;N\u00e4r v\u00e4rlden \u00f6ppnade sig&#8221;<\/p>\n<p>Kodnamnet 140 Berta<\/p>\n<p>Karjalaisten tulo<\/p>\n<p>Lapsuus sodan varjossa<\/p>\n<p>Den kosmopolitiska familjen Zeidler<\/p>\n","protected":false},"excerpt":{"rendered":"<p>Pirlaxboken \u00e4r tv\u00e5spr\u00e5kig, delvis p\u00e5 b\u00e5da spr\u00e5ken, delvis p\u00e5 n\u00e5gondera spr\u00e5k. Boken finns i m\u00e5nga bybors bokhyllor och p\u00e5 biblioteket. \u00c5r 2007 tyckte byaf\u00f6reningens styrelse att det skulle vara intressant att f\u00f6rdjupa sig i byns historia. De tre huvudf\u00f6rfattarna studerade historieb\u00f6cker, kyrkb\u00f6cker, tolkade gamla dagb\u00f6cker och satt i lokaltidningarnas arkiv. N\u00e5gra andra f\u00f6rfattare d\u00f6k ocks\u00e5 [&hellip;]<\/p>\n","protected":false},"author":2,"featured_media":0,"parent":0,"menu_order":0,"comment_status":"closed","ping_status":"closed","template":"","meta":{"footnotes":""},"class_list":["post-2714","page","type-page","status-publish","hentry"],"_links":{"self":[{"href":"https:\/\/www.piirlahti.fi\/sv\/wp-json\/wp\/v2\/pages\/2714","targetHints":{"allow":["GET"]}}],"collection":[{"href":"https:\/\/www.piirlahti.fi\/sv\/wp-json\/wp\/v2\/pages"}],"about":[{"href":"https:\/\/www.piirlahti.fi\/sv\/wp-json\/wp\/v2\/types\/page"}],"author":[{"embeddable":true,"href":"https:\/\/www.piirlahti.fi\/sv\/wp-json\/wp\/v2\/users\/2"}],"replies":[{"embeddable":true,"href":"https:\/\/www.piirlahti.fi\/sv\/wp-json\/wp\/v2\/comments?post=2714"}],"version-history":[{"count":10,"href":"https:\/\/www.piirlahti.fi\/sv\/wp-json\/wp\/v2\/pages\/2714\/revisions"}],"predecessor-version":[{"id":3875,"href":"https:\/\/www.piirlahti.fi\/sv\/wp-json\/wp\/v2\/pages\/2714\/revisions\/3875"}],"wp:attachment":[{"href":"https:\/\/www.piirlahti.fi\/sv\/wp-json\/wp\/v2\/media?parent=2714"}],"curies":[{"name":"wp","href":"https:\/\/api.w.org\/{rel}","templated":true}]}}