{"id":2712,"date":"2023-12-14T12:22:57","date_gmt":"2023-12-14T10:22:57","guid":{"rendered":"https:\/\/www.piirlahti.fi\/?page_id=2712"},"modified":"2025-10-19T11:15:05","modified_gmt":"2025-10-19T08:15:05","slug":"historieprojektet-2023","status":"publish","type":"page","link":"https:\/\/www.piirlahti.fi\/sv\/historieprojektet-2023\/","title":{"rendered":"Historieprojektet 2023-"},"content":{"rendered":"<p style=\"margin: 0cm;background: white;vertical-align: baseline\"><span style=\"font-size: 10.5pt;font-family: 'OpenSansRegular',serif;color: #394a59\">I byaf\u00f6reningen \u00e4r vi intresserade av lokalhistoria. Vi samlar in ber\u00e4ttelser och information om bybornas liv i byn.<\/span><\/p>\n<p style=\"margin: 0cm;background: white;vertical-align: baseline\"><span style=\"font-size: 10.5pt;font-family: 'OpenSansRegular',serif;color: #394a59\">\u00c5r 2011 utkom boken Pirlaxboken-Piirlahtikirja och efter en l\u00e5ng paus <\/span><span style=\"font-size: 10.5pt;font-family: 'OpenSansRegular',serif;color: #394a59\">samlar vi igen aktivt in ber\u00e4ttelser fr\u00e5n det f\u00f6rflutna.<\/span><\/p>\n<p style=\"margin: 0cm;background: white;vertical-align: baseline\"><span style=\"font-size: 10.5pt;font-family: 'OpenSansRegular',serif;color: #394a59\">Kontakta oss g\u00e4rna om du \u00e4r intresserad, har bilder att visa eller historier att ber\u00e4tta.<\/span><\/p>\n<h4><span style=\"color: #339966\">Det \u00e4r sp\u00e4nnande att gr\u00e4va i sl\u00e4kters och byarnas historia.<\/span><\/h4>\n<p style=\"text-align: left\">\u00c4r du intresserad av att gr\u00e4va i din egen familjs historia, eller i n\u00e5n viss tidsperiod? P\u00e5 f\u00f6ljande sajter kan du hitta intressant fakta.<\/p>\n<p style=\"text-align: left\"><strong>geni.com<\/strong><\/p>\n<p>H\u00e4r finns sl\u00e4ktutredningar. Skriv in p\u00e5 Google ett (f\u00f6rnamn) efternamn+geni.<\/p>\n<p><strong>https:\/\/digi.kansalliskirjasto.fi\/etusivu<\/strong><\/p>\n<p>H\u00e4r hittar du ex. gamla dagstidningar.<\/p>\n<p><strong>https:\/\/billiongraves.com\/<\/strong><\/p>\n<p>H\u00e4r finns foton p\u00e5 gravstenar.<\/p>\n<p><strong>www.finna.fi<\/strong><\/p>\n<p>H\u00e4r kan du hitta gamla foton och dokument.<\/p>\n<p><strong>http:\/\/paikkatietoikkuna.fi\/historiallisetilmakuvat<\/strong><\/p>\n<p>H\u00e4r hittar du flygfoton ex. fr\u00e5n 1950-talet \u00f6ver Pirlaxtrakten.<\/p>\n<h4><strong>https:\/\/katiha.kansallisarkisto.fi\/<\/strong><\/h4>\n<p>H\u00e4r hittar du information i karelska kyrkb\u00f6cker fr\u00e5n 1600-talet till 1900-talet.<\/p>\n","protected":false},"excerpt":{"rendered":"<p>I byaf\u00f6reningen \u00e4r vi intresserade av lokalhistoria. Vi samlar in ber\u00e4ttelser och information om bybornas liv i byn. \u00c5r 2011 utkom boken Pirlaxboken-Piirlahtikirja och efter en l\u00e5ng paus samlar vi igen aktivt in ber\u00e4ttelser fr\u00e5n det f\u00f6rflutna. Kontakta oss g\u00e4rna om du \u00e4r intresserad, har bilder att visa eller historier att ber\u00e4tta. Det \u00e4r sp\u00e4nnande [&hellip;]<\/p>\n","protected":false},"author":2,"featured_media":0,"parent":0,"menu_order":0,"comment_status":"closed","ping_status":"closed","template":"","meta":{"footnotes":""},"class_list":["post-2712","page","type-page","status-publish","hentry"],"_links":{"self":[{"href":"https:\/\/www.piirlahti.fi\/sv\/wp-json\/wp\/v2\/pages\/2712","targetHints":{"allow":["GET"]}}],"collection":[{"href":"https:\/\/www.piirlahti.fi\/sv\/wp-json\/wp\/v2\/pages"}],"about":[{"href":"https:\/\/www.piirlahti.fi\/sv\/wp-json\/wp\/v2\/types\/page"}],"author":[{"embeddable":true,"href":"https:\/\/www.piirlahti.fi\/sv\/wp-json\/wp\/v2\/users\/2"}],"replies":[{"embeddable":true,"href":"https:\/\/www.piirlahti.fi\/sv\/wp-json\/wp\/v2\/comments?post=2712"}],"version-history":[{"count":10,"href":"https:\/\/www.piirlahti.fi\/sv\/wp-json\/wp\/v2\/pages\/2712\/revisions"}],"predecessor-version":[{"id":3876,"href":"https:\/\/www.piirlahti.fi\/sv\/wp-json\/wp\/v2\/pages\/2712\/revisions\/3876"}],"wp:attachment":[{"href":"https:\/\/www.piirlahti.fi\/sv\/wp-json\/wp\/v2\/media?parent=2712"}],"curies":[{"name":"wp","href":"https:\/\/api.w.org\/{rel}","templated":true}]}}