{"id":2692,"date":"2023-12-14T11:08:03","date_gmt":"2023-12-14T09:08:03","guid":{"rendered":"https:\/\/www.piirlahti.fi\/?page_id=2692"},"modified":"2024-05-17T12:31:18","modified_gmt":"2024-05-17T09:31:18","slug":"logo-och-produkter","status":"publish","type":"page","link":"https:\/\/www.piirlahti.fi\/sv\/pirlax-byaforening\/logo-och-produkter\/","title":{"rendered":"Logo och produkter"},"content":{"rendered":"<p><strong>Logo<\/strong><\/p>\n<p>Pirlax Byaf\u00f6rening har haft en egen logo i anv\u00e4ndning sedan 2008. Inspirationen kom fr\u00e5n vindpumpen som st\u00e5tt p\u00e5 Pirlax g\u00e5rds marker sedan 1930-talet.<\/p>\n\n\t\t<style type=\"text\/css\">\n\t\t\t#gallery-1 {\n\t\t\t\tmargin: auto;\n\t\t\t}\n\t\t\t#gallery-1 .gallery-item {\n\t\t\t\tfloat: left;\n\t\t\t\tmargin-top: 10px;\n\t\t\t\ttext-align: center;\n\t\t\t\twidth: 50%;\n\t\t\t}\n\t\t\t#gallery-1 img {\n\t\t\t\tborder: 2px solid #cfcfcf;\n\t\t\t}\n\t\t\t#gallery-1 .gallery-caption {\n\t\t\t\tmargin-left: 0;\n\t\t\t}\n\t\t\t\/* see gallery_shortcode() in wp-includes\/media.php *\/\n\t\t<\/style>\n\t\t<div id='gallery-1' class='gallery galleryid-2692 gallery-columns-2 gallery-size-medium'><dl class='gallery-item'>\n\t\t\t<dt class='gallery-icon portrait'>\n\t\t\t\t<a href='https:\/\/www.piirlahti.fi\/sv\/foton\/vindpumpen-3\/'><img loading=\"lazy\" decoding=\"async\" width=\"200\" height=\"300\" src=\"https:\/\/www.piirlahti.fi\/wp-content\/uploads\/sites\/19\/2023\/12\/Vindpumpen-2-200x300.jpg\" class=\"attachment-medium size-medium\" alt=\"\" aria-describedby=\"gallery-1-3181\" srcset=\"https:\/\/www.piirlahti.fi\/wp-content\/uploads\/sites\/19\/2023\/12\/Vindpumpen-2-200x300.jpg 200w, https:\/\/www.piirlahti.fi\/wp-content\/uploads\/sites\/19\/2023\/12\/Vindpumpen-2.jpg 400w\" sizes=\"auto, (max-width: 200px) 100vw, 200px\" \/><\/a>\n\t\t\t<\/dt>\n\t\t\t\t<dd class='wp-caption-text gallery-caption' id='gallery-1-3181'>\n\t\t\t\tVindpumpen p\u00e5 Pirlax g\u00e5rd fr\u00e5n 1930-t.\n\t\t\t\t<\/dd><\/dl><dl class='gallery-item'>\n\t\t\t<dt class='gallery-icon portrait'>\n\t\t\t\t<a href='https:\/\/www.piirlahti.fi\/sv\/foton\/pirlaxvimpel-s-2\/'><img loading=\"lazy\" decoding=\"async\" width=\"200\" height=\"300\" src=\"https:\/\/www.piirlahti.fi\/wp-content\/uploads\/sites\/19\/2023\/12\/Pirlaxvimpel-S-200x300.jpg\" class=\"attachment-medium size-medium\" alt=\"\" aria-describedby=\"gallery-1-2636\" srcset=\"https:\/\/www.piirlahti.fi\/wp-content\/uploads\/sites\/19\/2023\/12\/Pirlaxvimpel-S-200x300.jpg 200w, https:\/\/www.piirlahti.fi\/wp-content\/uploads\/sites\/19\/2023\/12\/Pirlaxvimpel-S.jpg 400w\" sizes=\"auto, (max-width: 200px) 100vw, 200px\" \/><\/a>\n\t\t\t<\/dt>\n\t\t\t\t<dd class='wp-caption-text gallery-caption' id='gallery-1-2636'>\n\t\t\t\tVimpel med logon, p\u00e5 sommarfesten.\n\t\t\t\t<\/dd><\/dl><br style=\"clear: both\" \/><dl class='gallery-item'>\n\t\t\t<dt class='gallery-icon landscape'>\n\t\t\t\t<a href='https:\/\/www.piirlahti.fi\/sv\/foton\/vindpumpsvingars-2\/'><img loading=\"lazy\" decoding=\"async\" width=\"300\" height=\"300\" src=\"https:\/\/www.piirlahti.fi\/wp-content\/uploads\/sites\/19\/2023\/12\/VindpumpsvingarS-300x300.jpg\" class=\"attachment-medium size-medium\" alt=\"\" aria-describedby=\"gallery-1-2634\" srcset=\"https:\/\/www.piirlahti.fi\/wp-content\/uploads\/sites\/19\/2023\/12\/VindpumpsvingarS-300x300.jpg 300w, https:\/\/www.piirlahti.fi\/wp-content\/uploads\/sites\/19\/2023\/12\/VindpumpsvingarS-150x150.jpg 150w, https:\/\/www.piirlahti.fi\/wp-content\/uploads\/sites\/19\/2023\/12\/VindpumpsvingarS.jpg 600w\" sizes=\"auto, (max-width: 300px) 100vw, 300px\" \/><\/a>\n\t\t\t<\/dt>\n\t\t\t\t<dd class='wp-caption-text gallery-caption' id='gallery-1-2634'>\n\t\t\t\tLogons f\u00f6rebild.\n\t\t\t\t<\/dd><\/dl><dl class='gallery-item'>\n\t\t\t<dt class='gallery-icon landscape'>\n\t\t\t\t<a href='https:\/\/www.piirlahti.fi\/sv\/pirlax-byaforening\/piirlahti-2-2\/'><img loading=\"lazy\" decoding=\"async\" width=\"300\" height=\"266\" src=\"https:\/\/www.piirlahti.fi\/wp-content\/uploads\/sites\/19\/2014\/10\/Piirlahti-300x266.png\" class=\"attachment-medium size-medium\" alt=\"\" aria-describedby=\"gallery-1-1719\" srcset=\"https:\/\/www.piirlahti.fi\/wp-content\/uploads\/sites\/19\/2014\/10\/Piirlahti-300x266.png 300w, https:\/\/www.piirlahti.fi\/wp-content\/uploads\/sites\/19\/2014\/10\/Piirlahti.png 397w\" sizes=\"auto, (max-width: 300px) 100vw, 300px\" \/><\/a>\n\t\t\t<\/dt>\n\t\t\t\t<dd class='wp-caption-text gallery-caption' id='gallery-1-1719'>\n\t\t\t\tByaf\u00f6reningens logo sedan 2008.\n\t\t\t\t<\/dd><\/dl><br style=\"clear: both\" \/>\n\t\t<\/div>\n\n<p><strong>Produkter<\/strong><\/p>\n<p>Ibland best\u00e4ller vi produkter som munkjackor, m\u00f6ssor, kepsar och T-skjortor, med Pirlax- logo.<\/p>\n<p>Tag kontakt om du \u00e4r intresserad av n\u00e5got.<\/p>\n\n\t\t<style type=\"text\/css\">\n\t\t\t#gallery-2 {\n\t\t\t\tmargin: auto;\n\t\t\t}\n\t\t\t#gallery-2 .gallery-item {\n\t\t\t\tfloat: left;\n\t\t\t\tmargin-top: 10px;\n\t\t\t\ttext-align: center;\n\t\t\t\twidth: 33%;\n\t\t\t}\n\t\t\t#gallery-2 img {\n\t\t\t\tborder: 2px solid #cfcfcf;\n\t\t\t}\n\t\t\t#gallery-2 .gallery-caption {\n\t\t\t\tmargin-left: 0;\n\t\t\t}\n\t\t\t\/* see gallery_shortcode() in wp-includes\/media.php *\/\n\t\t<\/style>\n\t\t<div id='gallery-2' class='gallery galleryid-2692 gallery-columns-3 gallery-size-medium'><dl class='gallery-item'>\n\t\t\t<dt class='gallery-icon landscape'>\n\t\t\t\t<a href='https:\/\/www.piirlahti.fi\/sv\/pirlax-byaforening\/pirlaxprodukter-2\/'><img loading=\"lazy\" decoding=\"async\" width=\"300\" height=\"200\" src=\"https:\/\/www.piirlahti.fi\/wp-content\/uploads\/sites\/19\/2023\/12\/Pirlaxprodukter-300x200.jpg\" class=\"attachment-medium size-medium\" alt=\"\" aria-describedby=\"gallery-2-2155\" srcset=\"https:\/\/www.piirlahti.fi\/wp-content\/uploads\/sites\/19\/2023\/12\/Pirlaxprodukter-300x200.jpg 300w, https:\/\/www.piirlahti.fi\/wp-content\/uploads\/sites\/19\/2023\/12\/Pirlaxprodukter-768x512.jpg 768w, https:\/\/www.piirlahti.fi\/wp-content\/uploads\/sites\/19\/2023\/12\/Pirlaxprodukter.jpg 900w\" sizes=\"auto, (max-width: 300px) 100vw, 300px\" \/><\/a>\n\t\t\t<\/dt>\n\t\t\t\t<dd class='wp-caption-text gallery-caption' id='gallery-2-2155'>\n\t\t\t\tOmtyckta m\u00f6ssor och munkjackor.\n\t\t\t\t<\/dd><\/dl><dl class='gallery-item'>\n\t\t\t<dt class='gallery-icon portrait'>\n\t\t\t\t<a href='https:\/\/www.piirlahti.fi\/sv\/foton\/pirlaxpipo1\/'><img loading=\"lazy\" decoding=\"async\" width=\"200\" height=\"300\" src=\"https:\/\/www.piirlahti.fi\/wp-content\/uploads\/sites\/19\/2024\/01\/Pirlaxpipo1-200x300.jpg\" class=\"attachment-medium size-medium\" alt=\"\" aria-describedby=\"gallery-2-3063\" srcset=\"https:\/\/www.piirlahti.fi\/wp-content\/uploads\/sites\/19\/2024\/01\/Pirlaxpipo1-200x300.jpg 200w, https:\/\/www.piirlahti.fi\/wp-content\/uploads\/sites\/19\/2024\/01\/Pirlaxpipo1-683x1024.jpg 683w, https:\/\/www.piirlahti.fi\/wp-content\/uploads\/sites\/19\/2024\/01\/Pirlaxpipo1-768x1152.jpg 768w, https:\/\/www.piirlahti.fi\/wp-content\/uploads\/sites\/19\/2024\/01\/Pirlaxpipo1.jpg 900w\" sizes=\"auto, (max-width: 200px) 100vw, 200px\" \/><\/a>\n\t\t\t<\/dt>\n\t\t\t\t<dd class='wp-caption-text gallery-caption' id='gallery-2-3063'>\n\t\t\t\tPirlax-m\u00f6ssa med reflextryck\n\t\t\t\t<\/dd><\/dl><dl class='gallery-item'>\n\t\t\t<dt class='gallery-icon landscape'>\n\t\t\t\t<a href='https:\/\/www.piirlahti.fi\/sv\/pirlax-byaforening\/pirlaxlippiss-2\/'><img loading=\"lazy\" decoding=\"async\" width=\"300\" height=\"200\" src=\"https:\/\/www.piirlahti.fi\/wp-content\/uploads\/sites\/19\/2023\/12\/PirlaxlippisS-300x200.jpg\" class=\"attachment-medium size-medium\" alt=\"\" aria-describedby=\"gallery-2-2153\" srcset=\"https:\/\/www.piirlahti.fi\/wp-content\/uploads\/sites\/19\/2023\/12\/PirlaxlippisS-300x200.jpg 300w, https:\/\/www.piirlahti.fi\/wp-content\/uploads\/sites\/19\/2023\/12\/PirlaxlippisS-1024x683.jpg 1024w, https:\/\/www.piirlahti.fi\/wp-content\/uploads\/sites\/19\/2023\/12\/PirlaxlippisS-768x512.jpg 768w, https:\/\/www.piirlahti.fi\/wp-content\/uploads\/sites\/19\/2023\/12\/PirlaxlippisS.jpg 1200w\" sizes=\"auto, (max-width: 300px) 100vw, 300px\" \/><\/a>\n\t\t\t<\/dt>\n\t\t\t\t<dd class='wp-caption-text gallery-caption' id='gallery-2-2153'>\n\t\t\t\t\u00d6nskar att den h\u00e4r kepsmodellen \u00e4nnu fanns att f\u00e5!\n\t\t\t\t<\/dd><\/dl><br style=\"clear: both\" \/>\n\t\t<\/div>\n\n","protected":false},"excerpt":{"rendered":"<p>Logo Pirlax Byaf\u00f6rening har haft en egen logo i anv\u00e4ndning sedan 2008. Inspirationen kom fr\u00e5n vindpumpen som st\u00e5tt p\u00e5 Pirlax g\u00e5rds marker sedan 1930-talet. Produkter Ibland best\u00e4ller vi produkter som munkjackor, m\u00f6ssor, kepsar och T-skjortor, med Pirlax- logo. Tag kontakt om du \u00e4r intresserad av n\u00e5got.<\/p>\n","protected":false},"author":2,"featured_media":0,"parent":2684,"menu_order":0,"comment_status":"closed","ping_status":"closed","template":"","meta":{"footnotes":""},"class_list":["post-2692","page","type-page","status-publish","hentry"],"_links":{"self":[{"href":"https:\/\/www.piirlahti.fi\/sv\/wp-json\/wp\/v2\/pages\/2692","targetHints":{"allow":["GET"]}}],"collection":[{"href":"https:\/\/www.piirlahti.fi\/sv\/wp-json\/wp\/v2\/pages"}],"about":[{"href":"https:\/\/www.piirlahti.fi\/sv\/wp-json\/wp\/v2\/types\/page"}],"author":[{"embeddable":true,"href":"https:\/\/www.piirlahti.fi\/sv\/wp-json\/wp\/v2\/users\/2"}],"replies":[{"embeddable":true,"href":"https:\/\/www.piirlahti.fi\/sv\/wp-json\/wp\/v2\/comments?post=2692"}],"version-history":[{"count":10,"href":"https:\/\/www.piirlahti.fi\/sv\/wp-json\/wp\/v2\/pages\/2692\/revisions"}],"predecessor-version":[{"id":3565,"href":"https:\/\/www.piirlahti.fi\/sv\/wp-json\/wp\/v2\/pages\/2692\/revisions\/3565"}],"up":[{"embeddable":true,"href":"https:\/\/www.piirlahti.fi\/sv\/wp-json\/wp\/v2\/pages\/2684"}],"wp:attachment":[{"href":"https:\/\/www.piirlahti.fi\/sv\/wp-json\/wp\/v2\/media?parent=2692"}],"curies":[{"name":"wp","href":"https:\/\/api.w.org\/{rel}","templated":true}]}}